{"id":3,"date":"2024-11-27T11:04:23","date_gmt":"2024-11-27T10:04:23","guid":{"rendered":"https:\/\/www.gassolar.it\/?page_id=3"},"modified":"2024-12-10T19:25:11","modified_gmt":"2024-12-10T18:25:11","slug":"privacy-policy","status":"publish","type":"page","link":"https:\/\/www.gassolar.it\/?page_id=3","title":{"rendered":"Privacy Policy"},"content":{"rendered":"\n<h2 class=\"wp-block-heading\"><strong>PRIVACY POLICY SITO WEB<\/strong><\/h2>\n\n\n\n<p>Gas Solar Technologie Srl mette a disposizione dei propri utenti e clienti il presente sito web per fornire in modo gratuito, semplice e diretto le informazioni relative alle sue attivit\u00e0. Il nostro scopo \u00e8 quello di dare informazioni aggiornate, accurate e il pi\u00f9 possibile complete. In ogni caso, la nostra societ\u00e0 non potr\u00e0 in alcun modo essere dichiarata responsabile per l\u2019accuratezza, completezza o qualit\u00e0 delle informazioni fornite all\u2019interno del sito stesso. Pertanto, si esclude ogni responsabilit\u00e0 per danni materiali o immateriali derivanti dall\u2019uso o non uso delle informazioni riportate o dall\u2019uso di informazioni incorrette o incomplete. Le affermazioni riportate all\u2019interno del sito non sono direttamente vincolanti e devono sempre essere confermate via e-mail o altra forma scritta dal titolare del sito.<\/p>\n\n\n\n<p><strong>Informativa sul trattamento dei dati personali<\/strong><\/p>\n\n\n\n<p>Gas Solar Technologie Srl informa che in questa pagina si descrivono le modalit\u00e0 di gestione del sito web aziendale (\u201cSito\u201d) con riferimento al trattamento dei dati personali dei visitatori e degli utenti che lo consultano.<\/p>\n\n\n\n<p>L&#8217;informativa \u00e8 data nel rispetto della normativa italiana ed europea in materia di protezione dei dati personali (Regolamento UE 2016\/679) a coloro che interagiscono con i servizi web del Sito e, pertanto, non si applica alle informazioni raccolte tramite canali diversi dal presente sito web.<\/p>\n\n\n\n<p>Non si riferisce, quindi, ai trattamenti effettuati tramite altri siti di terzi o partner di Gas Solar Technologie Srl, a cui l\u2019utente potr\u00e0 accedere mediante link dal presente sito web. Per tali trattamenti dovr\u00e0 essere fornita, da parte dei rispettivi Titolari, autonoma informativa. &nbsp;<\/p>\n\n\n\n<p><strong>Chi tratta i dati degli utenti &nbsp;<\/strong><\/p>\n\n\n\n<p>Il titolare del trattamento dei dati raccolti a seguito della consultazione di questo sito \u00e8 Gas Solar Technologie Srl (\u201cSociet\u00e0\u201d), con sede in Via G. D&#8217;Annunzio snc &#8211; 72020 Torchiarolo (BR), P. IVA: 02637180742, E-mail: solartechnologiesrls@gmail.com, PEC: solartechnologiesrls@pec.it.<\/p>\n\n\n\n<p><strong>Quali dati personali raccogliamo e per quale motivo<\/strong><\/p>\n\n\n\n<p>Per dati personali si intendono tutte le informazioni relative all\u2019utente che ci consentono di identificarlo, come il nome, i recapiti, il numero di telefono e l\u2019indirizzo e-mail.<\/p>\n\n\n\n<p>Possiamo raccogliere i vostri dati personali quando ci contattate ai recapiti indicati, inviate un\u2019e-mail ed effettuate richieste di informazioni.<\/p>\n\n\n\n<p>Con l&#8217;uso o la consultazione del presente Sito, pertanto, la Societ\u00e0 tratter\u00e0 i dati dei visitatori e degli utenti per:<\/p>\n\n\n\n<p>&#8211; fornire i servizi di informazione sui prodotti commercialzizati;<\/p>\n\n\n\n<p>&#8211; riscontrare le richieste di contatto o di informazioni;<\/p>\n\n\n\n<p>&#8211; verificare la raccolta necessaria ed automatica dei dati inerenti all\u2019interazione con il sito web;<\/p>\n\n\n\n<p>&#8211; gestire i dati volontariamente comunicati per fornire specifici servizi di informazione;<\/p>\n\n\n\n<p>&#8211; prevenire o scoprire attivit\u00e0 fraudolente o abusi dannosi per il Sito.<\/p>\n\n\n\n<p>Tratteremo i vostri dati personali solo se abbiamo una base legale per farlo. La base legale dipender\u00e0 dai motivi per i quali abbiamo raccolto e dobbiamo utilizzare i vostri dati personali. Tali motivi consistono in alcuni casi nella necessit\u00e0 di fornire riscontro alle vostre richieste di informazioni o di contatto (finalit\u00e0 contrattuali o precontrattuali), nell\u2019adempiere ai determinati requisiti legali e\/o regolamentari ovvero nel perseguire il legittimo interesse del Titolare (es. quando si prevengono attivit\u00e0 fraudolente o abusi dannosi per il Sito).<\/p>\n\n\n\n<p><strong>Dove otteniamo i dati e natura del conferimento (compreso le conseguenze di un eventuale rifiuto di comunicarli)<\/strong><\/p>\n\n\n\n<p>I vostri dati possono essere raccolti on-line quando navigate sul sito o compilate form elettronici oppure se inviate e-mail o telefonate ai numeri eventualmente indicati; in particolare i dati anagrafici e l\u2019indirizzo di posta elettronica \u00e8 necessario per il perseguimento delle finalit\u00e0 sopra indicate (quali, ad esempio, la fornitura del riscontro alle vostre richieste pervenute).<\/p>\n\n\n\n<p>L\u2019eventuale non indicazione di dati necessari a riscontrare le vostre richieste potrebbe comportare l&#8217;impossibilit\u00e0 di rispondere alle vostre richieste e fornirvi una risposta esaustiva. A seconda dei casi e, qualora necessario, di volta in volta sarete informati del carattere obbligatorio o facoltativo del conferimento dei dati personali. Sar\u00e0 evidenziato il carattere obbligatorio o facoltativo della comunicazione dei dati, mediante un avviso o un apposito carattere alle informazioni di carattere obbligatorio. Si ricorda, infine, che la mancata indicazione di dati personali facoltativi non comporter\u00e0 alcun obbligo n\u00e9 alcuno svantaggio.<\/p>\n\n\n\n<p><strong>A chi comunichiamo\/divulghiamo i tuoi dati<\/strong><\/p>\n\n\n\n<p>Ai fini della fruizione dei servizi, nonch\u00e9 per adempiere ai determinati requisiti giuridici e\/o regolamentari o per il legittimo interesse <a>della Societ\u00e0<\/a>, i vostri dati potranno essere comunicati:<\/p>\n\n\n\n<p>&#8211; a nostri dipendenti e ai collaboratori interni (es. collaboratori e dipendenti appositamente autorizzati al trattamento);<\/p>\n\n\n\n<p>&#8211; a societ\u00e0 terze, contrattualmente collegate o altri soggetti che svolgono attivit\u00e0 e servizi in outsourcing per conto del Titolare del trattamento (fornitori di servizi tecnici terzi quali, ad esempio, hosting provider, fornitore dei servizi di sviluppo e manutenzione della piattaforma web, etc.), nominati laddove necessario quali Responsabili esterni del trattamento dei dati personali;<\/p>\n\n\n\n<p>&#8211; a terzi per i quali ci\u00f2 risulti necessario ed indispensabile (o comunque funzionale) per lo svolgimento delle attivit\u00e0 della Societ\u00e0.<\/p>\n\n\n\n<p>I dati personali in ogni caso non saranno diffusi. \u00c8 fatta salva, in ogni caso, la comunicazione o diffusione di dati richiesti, in conformit\u00e0 alla legge, da Forze di Polizia, dall&#8217;Autorit\u00e0 Giudiziaria, da organismi di informazione e sicurezza o da altri soggetti pubblici per finalit\u00e0 di difesa o di sicurezza dello Stato o di prevenzione, accertamento o repressione di reati.<\/p>\n\n\n\n<p><strong>A chi trasferiamo i tuoi dati<\/strong><\/p>\n\n\n\n<p>La gestione e la conservazione dei dati personali avverr\u00e0 in Italia e, comunque, all\u2019interno dell\u2019Unione Europea. I dati non saranno oggetto di trasferimento al di fuori dell\u2019Unione Europea. Resta in ogni caso inteso che, ove lo ritenessimo necessario, avremo facolt\u00e0 di mutare l\u2019ubicazione dei server in Italia e\/o Unione Europea e\/o Paesi extra-UE. In tal caso, ci assicuriamo sin d\u2019ora che il trasferimento dei dati extra-UE avverr\u00e0 in conformit\u00e0 alle disposizioni di legge applicabili stipulando, se necessario, accordi che garantiscano un livello di protezione adeguato e\/o adottando le clausole contrattuali standard previste dalla Commissione Europea ovvero solo in presenza di altro requisito conforme alla normativa italiana ed europea applicabile.<\/p>\n\n\n\n<p><strong>Per quanto tempo conserviamo i tuoi dati<\/strong><\/p>\n\n\n\n<p>I dati raccolti dal Sito durante il suo funzionamento sono utilizzati esclusivamente per alcune delle finalit\u00e0 sopra indicate e conservati per il tempo strettamente necessario a svolgere le nostre attivit\u00e0.<\/p>\n\n\n\n<p>Non conserveremo i dati per un periodo di tempo superiore a quello necessario per soddisfare lo scopo per cui sono stati trattati. Per determinare il periodo di conservazione appropriato, prendiamo in considerazione la quantit\u00e0, la natura e la sensibilit\u00e0 dei dati personali, gli scopi per i quali li trattiamo e se possiamo raggiungere tali scopi con altri mezzi.<\/p>\n\n\n\n<p>I dati raccolti saranno quindi conservati per tutta la durata necessaria al riscontro delle richieste e, anche dopo la cessazione, per gestire tutti gli eventuali adempimenti contrattuali, precontrattuali o di legge connessi ovvero da essi derivanti.<\/p>\n\n\n\n<p><br><strong>Come trattiamo i tuoi dati e come rispettiamo le norme sulla protezione dei dati<\/strong><\/p>\n\n\n\n<p>I dati personali sono trattati con strumenti elettronici e automatizzati per il tempo strettamente necessario a conseguire gli scopi sopra indicati. Specifiche misure di sicurezza tecniche ed organizzative sono osservate per prevenire la perdita dei dati, usi illeciti o non corretti ed accessi non autorizzati.<\/p>\n\n\n\n<p>Adottiamo un insieme di misure di sicurezza tecniche ed organizzative atte a garantire la riservatezza, l\u2019integrit\u00e0 e disponibilit\u00e0 dei vostri dati.<\/p>\n\n\n\n<p>Il trattamento dei dati avviene in modo lecito e corretto, effettuato nel rispetto del principio di minimizzazione.<\/p>\n\n\n\n<p><strong>Come garantiamo i tuoi diritti<\/strong><\/p>\n\n\n\n<p>Lla Societ\u00e0 informa che secondo la nuova normativa europea sul trattamento dei dati, in determinate circostanze si ha il diritto:<\/p>\n\n\n\n<p>1) di chiederci conferma dell\u2019esistenza o meno di un trattamento di dati personali che ti riguardano e, in tal caso, di ottenere l\u2019accesso ai medesimi dati ed a tutte le informazioni relative al trattamento stesso;<\/p>\n\n\n\n<p>2) di ottenere la rettifica e correzione dei dati personali inesatti e di integrare quelli incompleti, anche fornendo una dichiarazione integrativa;<\/p>\n\n\n\n<p>3) di ottenere la cancellazione se:<\/p>\n\n\n\n<p>&#8211; &nbsp;i dati non sono pi\u00f9 necessari rispetto alle finalit\u00e0 per le quali sono stati raccolti o trattati,<\/p>\n\n\n\n<p>&#8211; i dati sono stati trattati illecitamente,<\/p>\n\n\n\n<p>&#8211; i dati devono essere cancellati per adempiere un obbligo legale,<\/p>\n\n\n\n<p>&#8211; hai revocato il consenso,<\/p>\n\n\n\n<p>&#8211; &nbsp;ci si oppone al trattamento;<\/p>\n\n\n\n<p>4) di ottenere la limitazione del trattamento (e quindi di sospenderlo) quando ricorre una delle seguenti ipotesi:<\/p>\n\n\n\n<p>&#8211; &nbsp;se si contesta l\u2019esattezza dei dati personali, per il periodo a noi necessario per verificare detta esattezza;<\/p>\n\n\n\n<p>&#8211; se il trattamento \u00e8 illecito e ci si oppone alla cancellazione dei dati personali e si chiede invece che ne sia limitato l&#8217;utilizzo;<\/p>\n\n\n\n<p>&#8211; qualora i dati personali siano necessari per l&#8217;accertamento o l&#8217;esercizio di un diritto in sede giudiziaria dell\u2019interessato;<\/p>\n\n\n\n<p>&#8211; se l\u2019interessato si \u00e8 opposto al trattamento, in attesa della verifica in merito all&#8217;eventuale prevalenza dei nostri motivi legittimi rispetto ai tuoi;<\/p>\n\n\n\n<p>5) di chiedere il trasferimento delle tue informazioni personali in forma elettronica e strutturata a un altro soggetto (\u201cportabilit\u00e0 dei dati\u201d);<\/p>\n\n\n\n<p>6) di opporti, in tutto o in parte al trattamento; &nbsp;&nbsp;<\/p>\n\n\n\n<p>7) di revocare, in qualsiasi momento, il consenso prestato (in questi casi la revoca del consenso non pregiudica la liceit\u00e0 del trattamento basata sul consenso prima della revoca); &nbsp;&nbsp;<\/p>\n\n\n\n<p>8) di proporre reclamo al Garante per la protezione dei dati personali (per maggiori informazioni si consiglia di visitare il sito web <a href=\"http:\/\/www.garanteprivacy.it\">www.garanteprivacy.it<\/a>). &nbsp;<\/p>\n\n\n\n<p>Se si desidera esercitare uno di questi diritti, si prega di inviare una richiesta al seguente indirizzo di posta elettronica: solartechnologiesrls@gmail.com<a href=\"mailto:info@hotelsienadegliulivi.it\"><\/a>.<\/p>\n\n\n\n<p><strong>Modifiche e aggiornamenti alla presente Privacy Policy&nbsp;&nbsp;&nbsp;&nbsp;&nbsp;<\/strong><\/p>\n\n\n\n<p>La Societ\u00e0 avr\u00e0 cura di modificare o semplicemente aggiornare, in tutto o in parte, la Privacy Policy del Sito anche in considerazione della modifica delle norme di legge o di regolamento che regolano questa materia e proteggono i diritti degli utenti. Le modifiche e gli aggiornamenti della Privacy Policy del Sito, agli utenti dei nostri servizi i cui dati sono in nostro possesso, saranno notificati via posta elettronica e, in ogni caso, saranno resi disponibili nella Home page non appena adottati. Vi preghiamo pertanto di accedere con regolarit\u00e0 a questa sezione per consultare la pi\u00f9 recente ed aggiornata Privacy Policy.<\/p>\n","protected":false},"excerpt":{"rendered":"<p>PRIVACY POLICY SITO WEB Gas Solar Technologie Srl mette a disposizione dei propri utenti e clienti il presente sito web per fornire in modo gratuito, semplice e diretto le informazioni relative alle sue attivit\u00e0. Il nostro scopo \u00e8 quello di dare informazioni aggiornate, accurate e il pi\u00f9 possibile complete. In ogni caso, la nostra societ\u00e0 [&hellip;]<\/p>\n","protected":false},"author":1,"featured_media":0,"parent":0,"menu_order":0,"comment_status":"closed","ping_status":"open","template":"","meta":{"saved_in_kubio":false,"footnotes":""},"class_list":["post-3","page","type-page","status-publish","hentry"],"kubio_ai_page_context":{"short_desc":"","purpose":"general"},"yoast_head":"<!-- This site is optimized with the Yoast SEO plugin v25.2 - https:\/\/yoast.com\/wordpress\/plugins\/seo\/ -->\n<title>Privacy Policy - G.A.S. SOLAR TECHNOLOGIE Srl<\/title>\n<meta name=\"robots\" content=\"index, follow, max-snippet:-1, max-image-preview:large, max-video-preview:-1\" \/>\n<link rel=\"canonical\" href=\"https:\/\/www.gassolar.it\/?page_id=3\" \/>\n<meta property=\"og:locale\" content=\"it_IT\" \/>\n<meta property=\"og:type\" content=\"article\" \/>\n<meta property=\"og:title\" content=\"Privacy Policy - G.A.S. SOLAR TECHNOLOGIE Srl\" \/>\n<meta property=\"og:description\" content=\"PRIVACY POLICY SITO WEB Gas Solar Technologie Srl mette a disposizione dei propri utenti e clienti il presente sito web per fornire in modo gratuito, semplice e diretto le informazioni relative alle sue attivit\u00e0. Il nostro scopo \u00e8 quello di dare informazioni aggiornate, accurate e il pi\u00f9 possibile complete. In ogni caso, la nostra societ\u00e0 [&hellip;]\" \/>\n<meta property=\"og:url\" content=\"https:\/\/www.gassolar.it\/?page_id=3\" \/>\n<meta property=\"og:site_name\" content=\"G.A.S. SOLAR TECHNOLOGIE Srl\" \/>\n<meta property=\"article:modified_time\" content=\"2024-12-10T18:25:11+00:00\" \/>\n<meta name=\"twitter:card\" content=\"summary_large_image\" \/>\n<meta name=\"twitter:label1\" content=\"Tempo di lettura stimato\" \/>\n\t<meta name=\"twitter:data1\" content=\"8 minuti\" \/>\n<script type=\"application\/ld+json\" class=\"yoast-schema-graph\">{\"@context\":\"https:\/\/schema.org\",\"@graph\":[{\"@type\":\"WebPage\",\"@id\":\"https:\/\/www.gassolar.it\/?page_id=3\",\"url\":\"https:\/\/www.gassolar.it\/?page_id=3\",\"name\":\"Privacy Policy - G.A.S. SOLAR TECHNOLOGIE Srl\",\"isPartOf\":{\"@id\":\"https:\/\/www.gassolar.it\/#website\"},\"datePublished\":\"2024-11-27T10:04:23+00:00\",\"dateModified\":\"2024-12-10T18:25:11+00:00\",\"breadcrumb\":{\"@id\":\"https:\/\/www.gassolar.it\/?page_id=3#breadcrumb\"},\"inLanguage\":\"it-IT\",\"potentialAction\":[{\"@type\":\"ReadAction\",\"target\":[\"https:\/\/www.gassolar.it\/?page_id=3\"]}]},{\"@type\":\"BreadcrumbList\",\"@id\":\"https:\/\/www.gassolar.it\/?page_id=3#breadcrumb\",\"itemListElement\":[{\"@type\":\"ListItem\",\"position\":1,\"name\":\"Home\",\"item\":\"https:\/\/www.gassolar.it\/\"},{\"@type\":\"ListItem\",\"position\":2,\"name\":\"Privacy Policy\"}]},{\"@type\":\"WebSite\",\"@id\":\"https:\/\/www.gassolar.it\/#website\",\"url\":\"https:\/\/www.gassolar.it\/\",\"name\":\"GAS SOLAR TECHNOLOGIE\",\"description\":\"Installazione di Impianti Fotovoltaici\",\"publisher\":{\"@id\":\"https:\/\/www.gassolar.it\/#organization\"},\"potentialAction\":[{\"@type\":\"SearchAction\",\"target\":{\"@type\":\"EntryPoint\",\"urlTemplate\":\"https:\/\/www.gassolar.it\/?s={search_term_string}\"},\"query-input\":{\"@type\":\"PropertyValueSpecification\",\"valueRequired\":true,\"valueName\":\"search_term_string\"}}],\"inLanguage\":\"it-IT\"},{\"@type\":\"Organization\",\"@id\":\"https:\/\/www.gassolar.it\/#organization\",\"name\":\"G.A.S. SOLAR TECHNOLOGIE Srl\",\"url\":\"https:\/\/www.gassolar.it\/\",\"logo\":{\"@type\":\"ImageObject\",\"inLanguage\":\"it-IT\",\"@id\":\"https:\/\/www.gassolar.it\/#\/schema\/logo\/image\/\",\"url\":\"https:\/\/www.gassolar.it\/wp-content\/uploads\/2024\/11\/LOGO-SOLAR-e1732732010779.png\",\"contentUrl\":\"https:\/\/www.gassolar.it\/wp-content\/uploads\/2024\/11\/LOGO-SOLAR-e1732732010779.png\",\"width\":350,\"height\":155,\"caption\":\"G.A.S. SOLAR TECHNOLOGIE Srl\"},\"image\":{\"@id\":\"https:\/\/www.gassolar.it\/#\/schema\/logo\/image\/\"}}]}<\/script>\n<!-- \/ Yoast SEO plugin. -->","yoast_head_json":{"title":"Privacy Policy - G.A.S. SOLAR TECHNOLOGIE Srl","robots":{"index":"index","follow":"follow","max-snippet":"max-snippet:-1","max-image-preview":"max-image-preview:large","max-video-preview":"max-video-preview:-1"},"canonical":"https:\/\/www.gassolar.it\/?page_id=3","og_locale":"it_IT","og_type":"article","og_title":"Privacy Policy - G.A.S. SOLAR TECHNOLOGIE Srl","og_description":"PRIVACY POLICY SITO WEB Gas Solar Technologie Srl mette a disposizione dei propri utenti e clienti il presente sito web per fornire in modo gratuito, semplice e diretto le informazioni relative alle sue attivit\u00e0. Il nostro scopo \u00e8 quello di dare informazioni aggiornate, accurate e il pi\u00f9 possibile complete. In ogni caso, la nostra societ\u00e0 [&hellip;]","og_url":"https:\/\/www.gassolar.it\/?page_id=3","og_site_name":"G.A.S. SOLAR TECHNOLOGIE Srl","article_modified_time":"2024-12-10T18:25:11+00:00","twitter_card":"summary_large_image","twitter_misc":{"Tempo di lettura stimato":"8 minuti"},"schema":{"@context":"https:\/\/schema.org","@graph":[{"@type":"WebPage","@id":"https:\/\/www.gassolar.it\/?page_id=3","url":"https:\/\/www.gassolar.it\/?page_id=3","name":"Privacy Policy - G.A.S. SOLAR TECHNOLOGIE Srl","isPartOf":{"@id":"https:\/\/www.gassolar.it\/#website"},"datePublished":"2024-11-27T10:04:23+00:00","dateModified":"2024-12-10T18:25:11+00:00","breadcrumb":{"@id":"https:\/\/www.gassolar.it\/?page_id=3#breadcrumb"},"inLanguage":"it-IT","potentialAction":[{"@type":"ReadAction","target":["https:\/\/www.gassolar.it\/?page_id=3"]}]},{"@type":"BreadcrumbList","@id":"https:\/\/www.gassolar.it\/?page_id=3#breadcrumb","itemListElement":[{"@type":"ListItem","position":1,"name":"Home","item":"https:\/\/www.gassolar.it\/"},{"@type":"ListItem","position":2,"name":"Privacy Policy"}]},{"@type":"WebSite","@id":"https:\/\/www.gassolar.it\/#website","url":"https:\/\/www.gassolar.it\/","name":"GAS SOLAR TECHNOLOGIE","description":"Installazione di Impianti Fotovoltaici","publisher":{"@id":"https:\/\/www.gassolar.it\/#organization"},"potentialAction":[{"@type":"SearchAction","target":{"@type":"EntryPoint","urlTemplate":"https:\/\/www.gassolar.it\/?s={search_term_string}"},"query-input":{"@type":"PropertyValueSpecification","valueRequired":true,"valueName":"search_term_string"}}],"inLanguage":"it-IT"},{"@type":"Organization","@id":"https:\/\/www.gassolar.it\/#organization","name":"G.A.S. SOLAR TECHNOLOGIE Srl","url":"https:\/\/www.gassolar.it\/","logo":{"@type":"ImageObject","inLanguage":"it-IT","@id":"https:\/\/www.gassolar.it\/#\/schema\/logo\/image\/","url":"https:\/\/www.gassolar.it\/wp-content\/uploads\/2024\/11\/LOGO-SOLAR-e1732732010779.png","contentUrl":"https:\/\/www.gassolar.it\/wp-content\/uploads\/2024\/11\/LOGO-SOLAR-e1732732010779.png","width":350,"height":155,"caption":"G.A.S. SOLAR TECHNOLOGIE Srl"},"image":{"@id":"https:\/\/www.gassolar.it\/#\/schema\/logo\/image\/"}}]}},"_links":{"self":[{"href":"https:\/\/www.gassolar.it\/index.php?rest_route=\/wp\/v2\/pages\/3","targetHints":{"allow":["GET"]}}],"collection":[{"href":"https:\/\/www.gassolar.it\/index.php?rest_route=\/wp\/v2\/pages"}],"about":[{"href":"https:\/\/www.gassolar.it\/index.php?rest_route=\/wp\/v2\/types\/page"}],"author":[{"embeddable":true,"href":"https:\/\/www.gassolar.it\/index.php?rest_route=\/wp\/v2\/users\/1"}],"replies":[{"embeddable":true,"href":"https:\/\/www.gassolar.it\/index.php?rest_route=%2Fwp%2Fv2%2Fcomments&post=3"}],"version-history":[{"count":1,"href":"https:\/\/www.gassolar.it\/index.php?rest_route=\/wp\/v2\/pages\/3\/revisions"}],"predecessor-version":[{"id":84,"href":"https:\/\/www.gassolar.it\/index.php?rest_route=\/wp\/v2\/pages\/3\/revisions\/84"}],"wp:attachment":[{"href":"https:\/\/www.gassolar.it\/index.php?rest_route=%2Fwp%2Fv2%2Fmedia&parent=3"}],"curies":[{"name":"wp","href":"https:\/\/api.w.org\/{rel}","templated":true}]}}